{"id":23,"date":"2024-09-08T18:03:13","date_gmt":"2024-09-08T18:03:13","guid":{"rendered":"https:\/\/fevisaglass.com\/?page_id=23"},"modified":"2024-09-09T04:57:30","modified_gmt":"2024-09-09T04:57:30","slug":"services","status":"publish","type":"page","link":"https:\/\/fevisaglass.com\/es\/services\/","title":{"rendered":"Servicios"},"content":{"rendered":"<div data-elementor-type=\"wp-page\" data-elementor-id=\"23\" class=\"elementor elementor-23\" data-elementor-post-type=\"page\">\n\t\t\t\t<div data-particle_enable=\"false\" data-particle-mobile-disabled=\"false\" class=\"has_ae_slider elementor-element elementor-element-f0bd615 e-flex e-con-boxed ae-bg-gallery-type-default e-con e-parent\" data-id=\"f0bd615\" data-element_type=\"container\" data-e-type=\"container\">\n\t\t\t\t\t<div class=\"e-con-inner\">\n\t\t<div data-particle_enable=\"false\" data-particle-mobile-disabled=\"false\" class=\"has_ae_slider elementor-element elementor-element-38af11a e-con-full e-flex ae-bg-gallery-type-default e-con e-child\" data-id=\"38af11a\" data-element_type=\"container\" data-e-type=\"container\">\n\t\t\t\t<div class=\"elementor-element elementor-element-205d793 elementor-widget elementor-widget-image\" data-id=\"205d793\" data-element_type=\"widget\" data-e-type=\"widget\" data-widget_type=\"image.default\">\n\t\t\t\t<div class=\"elementor-widget-container\">\n\t\t\t\t\t\t\t\t\t\t\t\t\t\t\t<img fetchpriority=\"high\" decoding=\"async\" width=\"625\" height=\"1771\" src=\"https:\/\/fevisaglass.com\/wp-content\/uploads\/2024\/09\/F_Silueta_Botella_Roja.png\" class=\"attachment-medium_large size-medium_large wp-image-140\" alt=\"\" srcset=\"https:\/\/fevisaglass.com\/wp-content\/uploads\/2024\/09\/F_Silueta_Botella_Roja.png 625w, https:\/\/fevisaglass.com\/wp-content\/uploads\/2024\/09\/F_Silueta_Botella_Roja-106x300.png 106w, https:\/\/fevisaglass.com\/wp-content\/uploads\/2024\/09\/F_Silueta_Botella_Roja-361x1024.png 361w, https:\/\/fevisaglass.com\/wp-content\/uploads\/2024\/09\/F_Silueta_Botella_Roja-542x1536.png 542w\" sizes=\"(max-width: 625px) 100vw, 625px\" \/>\t\t\t\t\t\t\t\t\t\t\t\t\t\t\t<\/div>\n\t\t\t\t<\/div>\n\t\t\t\t<div class=\"elementor-element elementor-element-77acced elementor-widget elementor-widget-theme-post-title elementor-page-title elementor-widget-heading\" data-id=\"77acced\" data-element_type=\"widget\" data-e-type=\"widget\" data-widget_type=\"theme-post-title.default\">\n\t\t\t\t<div class=\"elementor-widget-container\">\n\t\t\t\t\t<h1 class=\"elementor-heading-title elementor-size-default\">Servicios<\/h1>\t\t\t\t<\/div>\n\t\t\t\t<\/div>\n\t\t\t\t<\/div>\n\t\t\t\t<div class=\"elementor-element elementor-element-1c30bf41 elementor-widget elementor-widget-text-editor\" data-id=\"1c30bf41\" data-element_type=\"widget\" data-e-type=\"widget\" data-widget_type=\"text-editor.default\">\n\t\t\t\t<div class=\"elementor-widget-container\">\n\t\t\t\t\t\t\t\t\tFEVISA, lo integran un equipo de ingenieros, t\u00e9cnicos, operadores, transportistas y personal administrativo comprometidos con la eficiencia de sus procesos, que se traduzcan envases de vidrio resistentes y de calidad.\n\nLos servicios de apoyo son el dise\u00f1o, consultor\u00eda y transportaci\u00f3n de los productos.\r\n\r\n&nbsp;\t\t\t\t\t\t\t\t<\/div>\n\t\t\t\t<\/div>\n\t\t\t\t\t<\/div>\n\t\t\t\t<\/div>\n\t\t<div data-particle_enable=\"false\" data-particle-mobile-disabled=\"false\" class=\"has_ae_slider elementor-element elementor-element-2da534b e-flex e-con-boxed ae-bg-gallery-type-default e-con e-parent\" data-id=\"2da534b\" data-element_type=\"container\" data-e-type=\"container\" data-settings=\"{&quot;background_background&quot;:&quot;classic&quot;}\">\n\t\t\t\t\t<div class=\"e-con-inner\">\n\t\t<div data-particle_enable=\"false\" data-particle-mobile-disabled=\"false\" class=\"has_ae_slider elementor-element elementor-element-ac60bad e-con-full e-flex ae-bg-gallery-type-default e-con e-child\" data-id=\"ac60bad\" data-element_type=\"container\" data-e-type=\"container\">\n\t\t\t\t<div class=\"elementor-element elementor-element-8f9c0a1 elementor-widget elementor-widget-heading\" data-id=\"8f9c0a1\" data-element_type=\"widget\" data-e-type=\"widget\" data-widget_type=\"heading.default\">\n\t\t\t\t<div class=\"elementor-widget-container\">\n\t\t\t\t\t<h2 class=\"elementor-heading-title elementor-size-default\">UN EQUIPO EXPERIMENTADO LE PROPORCIONAR\u00c1 <br>LAS MEJORES SOLUCIONES<br> PARA SUS NECESIDADES ESPEC\u00cdFICAS<\/h2>\t\t\t\t<\/div>\n\t\t\t\t<\/div>\n\t\t\t\t<\/div>\n\t\t<div data-particle_enable=\"false\" data-particle-mobile-disabled=\"false\" class=\"has_ae_slider elementor-element elementor-element-790264b e-con-full e-flex ae-bg-gallery-type-default e-con e-child\" data-id=\"790264b\" data-element_type=\"container\" data-e-type=\"container\">\n\t\t<div data-particle_enable=\"false\" data-particle-mobile-disabled=\"false\" class=\"has_ae_slider elementor-element elementor-element-cddc267 e-con-full e-flex ae-bg-gallery-type-default e-con e-child\" data-id=\"cddc267\" data-element_type=\"container\" data-e-type=\"container\">\n\t\t\t\t<div class=\"elementor-element elementor-element-6a368db elementor-widget elementor-widget-spacer\" data-id=\"6a368db\" data-element_type=\"widget\" data-e-type=\"widget\" data-widget_type=\"spacer.default\">\n\t\t\t\t<div class=\"elementor-widget-container\">\n\t\t\t\t\t\t\t<div class=\"elementor-spacer\">\n\t\t\t<div class=\"elementor-spacer-inner\"><\/div>\n\t\t<\/div>\n\t\t\t\t\t\t<\/div>\n\t\t\t\t<\/div>\n\t\t\t\t<div class=\"elementor-element elementor-element-acd3c61 elementor-widget elementor-widget-heading\" data-id=\"acd3c61\" data-element_type=\"widget\" data-e-type=\"widget\" data-widget_type=\"heading.default\">\n\t\t\t\t<div class=\"elementor-widget-container\">\n\t\t\t\t\t<h2 class=\"elementor-heading-title elementor-size-default\">Dise\u00f1o<\/h2>\t\t\t\t<\/div>\n\t\t\t\t<\/div>\n\t\t\t\t<div class=\"elementor-element elementor-element-16fa87a elementor-widget elementor-widget-text-editor\" data-id=\"16fa87a\" data-element_type=\"widget\" data-e-type=\"widget\" data-widget_type=\"text-editor.default\">\n\t\t\t\t<div class=\"elementor-widget-container translation-block\">Nuestro Centro de Dise\u00f1o cuenta con un software especializado que permite mejorar el envase reforzando donde lo requiera y optimizando el costo de producirlo.\n<br>\nFEVISA cumple con las especificaciones y necesidades de cada uno de sus clientes, dise\u00f1ando y fabricando envases atractivos y eficientes.<\/div>\n\t\t\t\t<\/div>\n\t\t\t\t<\/div>\n\t\t<div data-particle_enable=\"false\" data-particle-mobile-disabled=\"false\" class=\"has_ae_slider elementor-element elementor-element-cc5b34e e-con-full e-flex ae-bg-gallery-type-default e-con e-child\" data-id=\"cc5b34e\" data-element_type=\"container\" data-e-type=\"container\">\n\t\t\t\t<div class=\"elementor-element elementor-element-eb76f46 elementor-widget elementor-widget-spacer\" data-id=\"eb76f46\" data-element_type=\"widget\" data-e-type=\"widget\" data-widget_type=\"spacer.default\">\n\t\t\t\t<div class=\"elementor-widget-container\">\n\t\t\t\t\t\t\t<div class=\"elementor-spacer\">\n\t\t\t<div class=\"elementor-spacer-inner\"><\/div>\n\t\t<\/div>\n\t\t\t\t\t\t<\/div>\n\t\t\t\t<\/div>\n\t\t\t\t<div class=\"elementor-element elementor-element-9ce7877 elementor-widget elementor-widget-heading\" data-id=\"9ce7877\" data-element_type=\"widget\" data-e-type=\"widget\" data-widget_type=\"heading.default\">\n\t\t\t\t<div class=\"elementor-widget-container\">\n\t\t\t\t\t<h2 class=\"elementor-heading-title elementor-size-default\">Consultor\u00eda<\/h2>\t\t\t\t<\/div>\n\t\t\t\t<\/div>\n\t\t\t\t<div class=\"elementor-element elementor-element-05e4b8e elementor-widget elementor-widget-text-editor\" data-id=\"05e4b8e\" data-element_type=\"widget\" data-e-type=\"widget\" data-widget_type=\"text-editor.default\">\n\t\t\t\t<div class=\"elementor-widget-container\">\n\t\t\t\t\t\t\t\t\tNuestra trayectoria y experiencia en el mercado nos permite asesorar al cliente sobre los par\u00e1metros ideales para la botella m\u00e1s adecuada. Garantizando que cada envase que sale de nuestra planta cumple con los requerimientos acordados con nuestros clientes. <br \/>\r\nNuestro personal T\u00e9cnico nos ha permitido desarrollar envases originales.\t\t\t\t\t\t\t\t<\/div>\n\t\t\t\t<\/div>\n\t\t\t\t<\/div>\n\t\t<div data-particle_enable=\"false\" data-particle-mobile-disabled=\"false\" class=\"has_ae_slider elementor-element elementor-element-a83979b e-con-full e-flex ae-bg-gallery-type-default e-con e-child\" data-id=\"a83979b\" data-element_type=\"container\" data-e-type=\"container\">\n\t\t\t\t<div class=\"elementor-element elementor-element-69e663b elementor-widget elementor-widget-spacer\" data-id=\"69e663b\" data-element_type=\"widget\" data-e-type=\"widget\" data-widget_type=\"spacer.default\">\n\t\t\t\t<div class=\"elementor-widget-container\">\n\t\t\t\t\t\t\t<div class=\"elementor-spacer\">\n\t\t\t<div class=\"elementor-spacer-inner\"><\/div>\n\t\t<\/div>\n\t\t\t\t\t\t<\/div>\n\t\t\t\t<\/div>\n\t\t\t\t<div class=\"elementor-element elementor-element-22a403c elementor-widget elementor-widget-heading\" data-id=\"22a403c\" data-element_type=\"widget\" data-e-type=\"widget\" data-widget_type=\"heading.default\">\n\t\t\t\t<div class=\"elementor-widget-container\">\n\t\t\t\t\t<h2 class=\"elementor-heading-title elementor-size-default\">Transporte<\/h2>\t\t\t\t<\/div>\n\t\t\t\t<\/div>\n\t\t\t\t<div class=\"elementor-element elementor-element-e1cfdf5 elementor-widget elementor-widget-text-editor\" data-id=\"e1cfdf5\" data-element_type=\"widget\" data-e-type=\"widget\" data-widget_type=\"text-editor.default\">\n\t\t\t\t<div class=\"elementor-widget-container\">\n\t\t\t\t\t\t\t\t\tCon la ubicaci\u00f3n estrat\u00e9gica de sus plantas industriales, al norte y centro del pa\u00eds, se cubren el territorio nacional y los Estados Unidos; y mejor a\u00fan, por el alcance de sus clientes los envases FEVISA tienen presencia mundial, como producto terminado. <br \/>\r\nSiempre a tiempo los 365 d\u00edas del a\u00f1o.\t\t\t\t\t\t\t\t<\/div>\n\t\t\t\t<\/div>\n\t\t\t\t<\/div>\n\t\t\t\t<\/div>\n\t\t\t\t\t<\/div>\n\t\t\t\t<\/div>\n\t\t\t\t<\/div>","protected":false},"excerpt":{"rendered":"<p>FEVISA has invested in having the highest trained engineers, technicians, operators, transporters and administrative personnel: All committed to the efficiency of their processes that translates into the quality and resistance of their bottle containers. The support services are the design, consulting and transportation of the products. &nbsp; AN EXPERIENCED TEAM WILL PROVIDE YOU WITH THE [&hellip;]<\/p>\n","protected":false},"author":1,"featured_media":0,"parent":0,"menu_order":0,"comment_status":"closed","ping_status":"closed","template":"page-templates\/full-width.php","meta":{"_acf_changed":false,"footnotes":""},"class_list":["post-23","page","type-page","status-publish","hentry"],"acf":[],"_links":{"self":[{"href":"https:\/\/fevisaglass.com\/es\/wp-json\/wp\/v2\/pages\/23","targetHints":{"allow":["GET"]}}],"collection":[{"href":"https:\/\/fevisaglass.com\/es\/wp-json\/wp\/v2\/pages"}],"about":[{"href":"https:\/\/fevisaglass.com\/es\/wp-json\/wp\/v2\/types\/page"}],"author":[{"embeddable":true,"href":"https:\/\/fevisaglass.com\/es\/wp-json\/wp\/v2\/users\/1"}],"replies":[{"embeddable":true,"href":"https:\/\/fevisaglass.com\/es\/wp-json\/wp\/v2\/comments?post=23"}],"version-history":[{"count":5,"href":"https:\/\/fevisaglass.com\/es\/wp-json\/wp\/v2\/pages\/23\/revisions"}],"predecessor-version":[{"id":209,"href":"https:\/\/fevisaglass.com\/es\/wp-json\/wp\/v2\/pages\/23\/revisions\/209"}],"wp:attachment":[{"href":"https:\/\/fevisaglass.com\/es\/wp-json\/wp\/v2\/media?parent=23"}],"curies":[{"name":"wp","href":"https:\/\/api.w.org\/{rel}","templated":true}]}}